{"id":15735,"date":"2022-08-01T19:45:09","date_gmt":"2022-08-01T17:45:09","guid":{"rendered":"https:\/\/precidiab.tw-es1.ovh\/?page_id=15735"},"modified":"2022-08-22T16:06:52","modified_gmt":"2022-08-22T14:06:52","slug":"formations","status":"publish","type":"page","link":"https:\/\/www.precidiab.org\/en\/formations\/","title":{"rendered":"Formations"},"content":{"rendered":"\t\t<div data-elementor-type=\"wp-page\" data-elementor-id=\"15735\" class=\"elementor elementor-15735 elementor-56\" data-elementor-post-type=\"page\">\n\t\t\t\t\t\t<section class=\"elementor-section elementor-top-section elementor-element elementor-element-becfdec elementor-section-boxed elementor-section-height-default elementor-section-height-default\" data-id=\"becfdec\" data-element_type=\"section\" data-e-type=\"section\">\n\t\t\t\t\t\t<div class=\"elementor-container elementor-column-gap-default\">\n\t\t\t\t\t<div class=\"elementor-column elementor-col-50 elementor-top-column elementor-element elementor-element-419843b\" data-id=\"419843b\" data-element_type=\"column\" data-e-type=\"column\">\n\t\t\t<div class=\"elementor-widget-wrap elementor-element-populated\">\n\t\t\t\t\t\t<div class=\"elementor-element elementor-element-92d2637 elementor-widget elementor-widget-heading\" data-id=\"92d2637\" data-element_type=\"widget\" data-e-type=\"widget\" data-widget_type=\"heading.default\">\n\t\t\t\t<div class=\"elementor-widget-container\">\n\t\t\t\t\t<h2 class=\"elementor-heading-title elementor-size-medium\"><a href=\"https:\/\/www.precidiab.org\/en\/formations\/graduate-programme-precision-health\/\">Graduate programme \u201cPrecision health\u201d<\/a><\/h2>\t\t\t\t<\/div>\n\t\t\t\t<\/div>\n\t\t\t\t<div class=\"elementor-element elementor-element-73afa57 elementor-widget elementor-widget-image\" data-id=\"73afa57\" data-element_type=\"widget\" data-e-type=\"widget\" data-widget_type=\"image.default\">\n\t\t\t\t<div class=\"elementor-widget-container\">\n\t\t\t\t\t\t\t\t\t\t\t\t\t\t\t\t<a href=\"https:\/\/www.precidiab.org\/en\/formations\/graduate-programme-precision-health\/\">\n\t\t\t\t\t\t\t<img fetchpriority=\"high\" decoding=\"async\" width=\"474\" height=\"324\" src=\"https:\/\/www.precidiab.org\/wp-content\/uploads\/2022\/08\/graduate-programme-474x324.png\" class=\"attachment-meccarouselthumb size-meccarouselthumb wp-image-16007\" alt=\"\" \/>\t\t\t\t\t\t\t\t<\/a>\n\t\t\t\t\t\t\t\t\t\t\t\t\t\t\t<\/div>\n\t\t\t\t<\/div>\n\t\t\t\t\t<\/div>\n\t\t<\/div>\n\t\t\t\t<div class=\"elementor-column elementor-col-50 elementor-top-column elementor-element elementor-element-aa05559\" data-id=\"aa05559\" data-element_type=\"column\" data-e-type=\"column\">\n\t\t\t<div class=\"elementor-widget-wrap elementor-element-populated\">\n\t\t\t\t\t\t<div class=\"elementor-element elementor-element-5f9e313 elementor-widget elementor-widget-heading\" data-id=\"5f9e313\" data-element_type=\"widget\" data-e-type=\"widget\" data-widget_type=\"heading.default\">\n\t\t\t\t<div class=\"elementor-widget-container\">\n\t\t\t\t\t<h2 class=\"elementor-heading-title elementor-size-medium\"><a href=\"https:\/\/www.precidiab.org\/en\/formations\/iud-clinical-research\/\">IUD clinical research<\/a><\/h2>\t\t\t\t<\/div>\n\t\t\t\t<\/div>\n\t\t\t\t<div class=\"elementor-element elementor-element-761b019 elementor-widget elementor-widget-image\" data-id=\"761b019\" data-element_type=\"widget\" data-e-type=\"widget\" data-widget_type=\"image.default\">\n\t\t\t\t<div class=\"elementor-widget-container\">\n\t\t\t\t\t\t\t\t\t\t\t\t\t\t\t\t<a href=\"https:\/\/www.precidiab.org\/en\/formations\/iud-clinical-research\/\">\n\t\t\t\t\t\t\t<img decoding=\"async\" width=\"474\" height=\"324\" src=\"https:\/\/www.precidiab.org\/wp-content\/uploads\/2022\/08\/bg-DIU-recherche-clinique-474x324.jpg\" class=\"attachment-meccarouselthumb size-meccarouselthumb wp-image-15303\" alt=\"\" \/>\t\t\t\t\t\t\t\t<\/a>\n\t\t\t\t\t\t\t\t\t\t\t\t\t\t\t<\/div>\n\t\t\t\t<\/div>\n\t\t\t\t\t<\/div>\n\t\t<\/div>\n\t\t\t\t\t<\/div>\n\t\t<\/section>\n\t\t\t\t<\/div>\n\t\t","protected":false},"excerpt":{"rendered":"<p>Graduate programme \u201cPrecision health\u201d IUD clinical research<\/p>\n","protected":false},"author":2,"featured_media":0,"parent":0,"menu_order":0,"comment_status":"closed","ping_status":"closed","template":"","meta":{"_acf_changed":false,"_monsterinsights_skip_tracking":false,"_monsterinsights_sitenote_active":false,"_monsterinsights_sitenote_note":"","_monsterinsights_sitenote_category":0,"site-sidebar-layout":"no-sidebar","site-content-layout":"page-builder","ast-site-content-layout":"default","site-content-style":"default","site-sidebar-style":"default","ast-global-header-display":"","ast-banner-title-visibility":"","ast-main-header-display":"","ast-hfb-above-header-display":"","ast-hfb-below-header-display":"","ast-hfb-mobile-header-display":"","site-post-title":"disabled","ast-breadcrumbs-content":"","ast-featured-img":"disabled","footer-sml-layout":"","ast-disable-related-posts":"","theme-transparent-header-meta":"default","adv-header-id-meta":"","stick-header-meta":"","header-above-stick-meta":"","header-main-stick-meta":"","header-below-stick-meta":"","astra-migrate-meta-layouts":"default","ast-page-background-enabled":"default","ast-page-background-meta":{"desktop":{"background-color":"var(--ast-global-color-4)","background-image":"","background-repeat":"repeat","background-position":"center center","background-size":"auto","background-attachment":"scroll","background-type":"","background-media":"","overlay-type":"","overlay-color":"","overlay-opacity":"","overlay-gradient":""},"tablet":{"background-color":"","background-image":"","background-repeat":"repeat","background-position":"center center","background-size":"auto","background-attachment":"scroll","background-type":"","background-media":"","overlay-type":"","overlay-color":"","overlay-opacity":"","overlay-gradient":""},"mobile":{"background-color":"","background-image":"","background-repeat":"repeat","background-position":"center center","background-size":"auto","background-attachment":"scroll","background-type":"","background-media":"","overlay-type":"","overlay-color":"","overlay-opacity":"","overlay-gradient":""}},"ast-content-background-meta":{"desktop":{"background-color":"var(--ast-global-color-5)","background-image":"","background-repeat":"repeat","background-position":"center center","background-size":"auto","background-attachment":"scroll","background-type":"","background-media":"","overlay-type":"","overlay-color":"","overlay-opacity":"","overlay-gradient":""},"tablet":{"background-color":"var(--ast-global-color-5)","background-image":"","background-repeat":"repeat","background-position":"center center","background-size":"auto","background-attachment":"scroll","background-type":"","background-media":"","overlay-type":"","overlay-color":"","overlay-opacity":"","overlay-gradient":""},"mobile":{"background-color":"var(--ast-global-color-5)","background-image":"","background-repeat":"repeat","background-position":"center center","background-size":"auto","background-attachment":"scroll","background-type":"","background-media":"","overlay-type":"","overlay-color":"","overlay-opacity":"","overlay-gradient":""}},"footnotes":""},"class_list":["post-15735","page","type-page","status-publish","hentry"],"acf":[],"yoast_head":"<!-- This site is optimized with the Yoast SEO plugin v27.4 - https:\/\/yoast.com\/product\/yoast-seo-wordpress\/ -->\n<title>Formations | Precidiab<\/title>\n<meta name=\"robots\" content=\"index, follow, max-snippet:-1, max-image-preview:large, max-video-preview:-1\" \/>\n<link rel=\"canonical\" href=\"https:\/\/www.precidiab.org\/en\/formations\/\" \/>\n<meta property=\"og:locale\" content=\"en_US\" \/>\n<meta property=\"og:type\" content=\"article\" \/>\n<meta property=\"og:title\" content=\"Formations | Precidiab\" \/>\n<meta property=\"og:description\" content=\"Graduate programme \u201cPrecision health\u201d IUD clinical research\" \/>\n<meta property=\"og:url\" content=\"https:\/\/www.precidiab.org\/en\/formations\/\" \/>\n<meta property=\"og:site_name\" content=\"Precidiab\" \/>\n<meta property=\"article:modified_time\" content=\"2022-08-22T14:06:52+00:00\" \/>\n<meta property=\"og:image\" content=\"https:\/\/www.precidiab.org\/wp-content\/uploads\/2022\/08\/graduate-programme-474x324.png\" \/>\n<meta name=\"twitter:card\" content=\"summary_large_image\" \/>\n<meta name=\"twitter:label1\" content=\"Est. reading time\" \/>\n\t<meta name=\"twitter:data1\" content=\"1 minute\" \/>\n<script type=\"application\/ld+json\" class=\"yoast-schema-graph\">{\"@context\":\"https:\\\/\\\/schema.org\",\"@graph\":[{\"@type\":\"WebPage\",\"@id\":\"https:\\\/\\\/www.precidiab.org\\\/en\\\/formations\\\/\",\"url\":\"https:\\\/\\\/www.precidiab.org\\\/en\\\/formations\\\/\",\"name\":\"Formations | Precidiab\",\"isPartOf\":{\"@id\":\"https:\\\/\\\/www.precidiab.org\\\/en\\\/#website\"},\"primaryImageOfPage\":{\"@id\":\"https:\\\/\\\/www.precidiab.org\\\/en\\\/formations\\\/#primaryimage\"},\"image\":{\"@id\":\"https:\\\/\\\/www.precidiab.org\\\/en\\\/formations\\\/#primaryimage\"},\"thumbnailUrl\":\"https:\\\/\\\/www.precidiab.org\\\/wp-content\\\/uploads\\\/2022\\\/08\\\/graduate-programme-474x324.png\",\"datePublished\":\"2022-08-01T17:45:09+00:00\",\"dateModified\":\"2022-08-22T14:06:52+00:00\",\"breadcrumb\":{\"@id\":\"https:\\\/\\\/www.precidiab.org\\\/en\\\/formations\\\/#breadcrumb\"},\"inLanguage\":\"en-US\",\"potentialAction\":[{\"@type\":\"ReadAction\",\"target\":[\"https:\\\/\\\/www.precidiab.org\\\/en\\\/formations\\\/\"]}]},{\"@type\":\"ImageObject\",\"inLanguage\":\"en-US\",\"@id\":\"https:\\\/\\\/www.precidiab.org\\\/en\\\/formations\\\/#primaryimage\",\"url\":\"https:\\\/\\\/www.precidiab.org\\\/wp-content\\\/uploads\\\/2022\\\/08\\\/graduate-programme-474x324.png\",\"contentUrl\":\"https:\\\/\\\/www.precidiab.org\\\/wp-content\\\/uploads\\\/2022\\\/08\\\/graduate-programme-474x324.png\"},{\"@type\":\"BreadcrumbList\",\"@id\":\"https:\\\/\\\/www.precidiab.org\\\/en\\\/formations\\\/#breadcrumb\",\"itemListElement\":[{\"@type\":\"ListItem\",\"position\":1,\"name\":\"Home\",\"item\":\"https:\\\/\\\/www.precidiab.org\\\/en\\\/\"},{\"@type\":\"ListItem\",\"position\":2,\"name\":\"Formations\"}]},{\"@type\":\"WebSite\",\"@id\":\"https:\\\/\\\/www.precidiab.org\\\/en\\\/#website\",\"url\":\"https:\\\/\\\/www.precidiab.org\\\/en\\\/\",\"name\":\"Precidiab\",\"description\":\"Centre National de M\u00e9decine de Pr\u00e9cision des Diab\u00e8tes\",\"publisher\":{\"@id\":\"https:\\\/\\\/www.precidiab.org\\\/en\\\/#organization\"},\"potentialAction\":[{\"@type\":\"SearchAction\",\"target\":{\"@type\":\"EntryPoint\",\"urlTemplate\":\"https:\\\/\\\/www.precidiab.org\\\/en\\\/?s={search_term_string}\"},\"query-input\":{\"@type\":\"PropertyValueSpecification\",\"valueRequired\":true,\"valueName\":\"search_term_string\"}}],\"inLanguage\":\"en-US\"},{\"@type\":\"Organization\",\"@id\":\"https:\\\/\\\/www.precidiab.org\\\/en\\\/#organization\",\"name\":\"Precidiab\",\"url\":\"https:\\\/\\\/www.precidiab.org\\\/en\\\/\",\"logo\":{\"@type\":\"ImageObject\",\"inLanguage\":\"en-US\",\"@id\":\"https:\\\/\\\/www.precidiab.org\\\/en\\\/#\\\/schema\\\/logo\\\/image\\\/\",\"url\":\"https:\\\/\\\/www.precidiab.org\\\/wp-content\\\/uploads\\\/2022\\\/07\\\/Logo-PRECIDIAB.png\",\"contentUrl\":\"https:\\\/\\\/www.precidiab.org\\\/wp-content\\\/uploads\\\/2022\\\/07\\\/Logo-PRECIDIAB.png\",\"width\":600,\"height\":257,\"caption\":\"Precidiab\"},\"image\":{\"@id\":\"https:\\\/\\\/www.precidiab.org\\\/en\\\/#\\\/schema\\\/logo\\\/image\\\/\"}}]}<\/script>\n<!-- \/ Yoast SEO plugin. -->","yoast_head_json":{"title":"Formations | Precidiab","robots":{"index":"index","follow":"follow","max-snippet":"max-snippet:-1","max-image-preview":"max-image-preview:large","max-video-preview":"max-video-preview:-1"},"canonical":"https:\/\/www.precidiab.org\/en\/formations\/","og_locale":"en_US","og_type":"article","og_title":"Formations | Precidiab","og_description":"Graduate programme \u201cPrecision health\u201d IUD clinical research","og_url":"https:\/\/www.precidiab.org\/en\/formations\/","og_site_name":"Precidiab","article_modified_time":"2022-08-22T14:06:52+00:00","og_image":[{"url":"https:\/\/www.precidiab.org\/wp-content\/uploads\/2022\/08\/graduate-programme-474x324.png","type":"","width":"","height":""}],"twitter_card":"summary_large_image","twitter_misc":{"Est. reading time":"1 minute"},"schema":{"@context":"https:\/\/schema.org","@graph":[{"@type":"WebPage","@id":"https:\/\/www.precidiab.org\/en\/formations\/","url":"https:\/\/www.precidiab.org\/en\/formations\/","name":"Formations | Precidiab","isPartOf":{"@id":"https:\/\/www.precidiab.org\/en\/#website"},"primaryImageOfPage":{"@id":"https:\/\/www.precidiab.org\/en\/formations\/#primaryimage"},"image":{"@id":"https:\/\/www.precidiab.org\/en\/formations\/#primaryimage"},"thumbnailUrl":"https:\/\/www.precidiab.org\/wp-content\/uploads\/2022\/08\/graduate-programme-474x324.png","datePublished":"2022-08-01T17:45:09+00:00","dateModified":"2022-08-22T14:06:52+00:00","breadcrumb":{"@id":"https:\/\/www.precidiab.org\/en\/formations\/#breadcrumb"},"inLanguage":"en-US","potentialAction":[{"@type":"ReadAction","target":["https:\/\/www.precidiab.org\/en\/formations\/"]}]},{"@type":"ImageObject","inLanguage":"en-US","@id":"https:\/\/www.precidiab.org\/en\/formations\/#primaryimage","url":"https:\/\/www.precidiab.org\/wp-content\/uploads\/2022\/08\/graduate-programme-474x324.png","contentUrl":"https:\/\/www.precidiab.org\/wp-content\/uploads\/2022\/08\/graduate-programme-474x324.png"},{"@type":"BreadcrumbList","@id":"https:\/\/www.precidiab.org\/en\/formations\/#breadcrumb","itemListElement":[{"@type":"ListItem","position":1,"name":"Home","item":"https:\/\/www.precidiab.org\/en\/"},{"@type":"ListItem","position":2,"name":"Formations"}]},{"@type":"WebSite","@id":"https:\/\/www.precidiab.org\/en\/#website","url":"https:\/\/www.precidiab.org\/en\/","name":"Precidiab","description":"Centre National de M\u00e9decine de Pr\u00e9cision des Diab\u00e8tes","publisher":{"@id":"https:\/\/www.precidiab.org\/en\/#organization"},"potentialAction":[{"@type":"SearchAction","target":{"@type":"EntryPoint","urlTemplate":"https:\/\/www.precidiab.org\/en\/?s={search_term_string}"},"query-input":{"@type":"PropertyValueSpecification","valueRequired":true,"valueName":"search_term_string"}}],"inLanguage":"en-US"},{"@type":"Organization","@id":"https:\/\/www.precidiab.org\/en\/#organization","name":"Precidiab","url":"https:\/\/www.precidiab.org\/en\/","logo":{"@type":"ImageObject","inLanguage":"en-US","@id":"https:\/\/www.precidiab.org\/en\/#\/schema\/logo\/image\/","url":"https:\/\/www.precidiab.org\/wp-content\/uploads\/2022\/07\/Logo-PRECIDIAB.png","contentUrl":"https:\/\/www.precidiab.org\/wp-content\/uploads\/2022\/07\/Logo-PRECIDIAB.png","width":600,"height":257,"caption":"Precidiab"},"image":{"@id":"https:\/\/www.precidiab.org\/en\/#\/schema\/logo\/image\/"}}]}},"_links":{"self":[{"href":"https:\/\/www.precidiab.org\/en\/wp-json\/wp\/v2\/pages\/15735","targetHints":{"allow":["GET"]}}],"collection":[{"href":"https:\/\/www.precidiab.org\/en\/wp-json\/wp\/v2\/pages"}],"about":[{"href":"https:\/\/www.precidiab.org\/en\/wp-json\/wp\/v2\/types\/page"}],"author":[{"embeddable":true,"href":"https:\/\/www.precidiab.org\/en\/wp-json\/wp\/v2\/users\/2"}],"replies":[{"embeddable":true,"href":"https:\/\/www.precidiab.org\/en\/wp-json\/wp\/v2\/comments?post=15735"}],"version-history":[{"count":0,"href":"https:\/\/www.precidiab.org\/en\/wp-json\/wp\/v2\/pages\/15735\/revisions"}],"wp:attachment":[{"href":"https:\/\/www.precidiab.org\/en\/wp-json\/wp\/v2\/media?parent=15735"}],"curies":[{"name":"wp","href":"https:\/\/api.w.org\/{rel}","templated":true}]}}