{"id":15744,"date":"2022-08-01T19:46:02","date_gmt":"2022-08-01T17:46:02","guid":{"rendered":"https:\/\/precidiab.tw-es1.ovh\/formations\/programme-gradue-sante-de-precision\/"},"modified":"2022-08-19T10:22:20","modified_gmt":"2022-08-19T08:22:20","slug":"graduate-programme-precision-health","status":"publish","type":"page","link":"https:\/\/www.precidiab.org\/en\/formations\/graduate-programme-precision-health\/","title":{"rendered":"Graduate programme &#8220;Precision health&#8221;"},"content":{"rendered":"\t\t<div data-elementor-type=\"wp-page\" data-elementor-id=\"15744\" class=\"elementor elementor-15744 elementor-58\" data-elementor-post-type=\"page\">\n\t\t\t\t\t\t<section class=\"elementor-section elementor-top-section elementor-element elementor-element-f179ffd elementor-section-boxed elementor-section-height-default elementor-section-height-default\" data-id=\"f179ffd\" data-element_type=\"section\" data-e-type=\"section\">\n\t\t\t\t\t\t<div class=\"elementor-container elementor-column-gap-default\">\n\t\t\t\t\t<div class=\"elementor-column elementor-col-50 elementor-top-column elementor-element elementor-element-e515122\" data-id=\"e515122\" data-element_type=\"column\" data-e-type=\"column\">\n\t\t\t<div class=\"elementor-widget-wrap elementor-element-populated\">\n\t\t\t\t\t\t<div class=\"elementor-element elementor-element-85bad89 elementor-widget elementor-widget-image\" data-id=\"85bad89\" data-element_type=\"widget\" data-e-type=\"widget\" data-widget_type=\"image.default\">\n\t\t\t\t<div class=\"elementor-widget-container\">\n\t\t\t\t\t\t\t\t\t\t\t\t\t\t\t\t<a href=\"mailto:anne.tailleux@univ-lille.fr\">\n\t\t\t\t\t\t\t<img fetchpriority=\"high\" decoding=\"async\" width=\"625\" height=\"833\" src=\"https:\/\/www.precidiab.org\/wp-content\/uploads\/2022\/08\/Prof.-Anne-Muhr-Tailleux-portrait-16.jpg\" class=\"attachment-large size-large wp-image-14603\" alt=\"\" srcset=\"https:\/\/www.precidiab.org\/wp-content\/uploads\/2022\/08\/Prof.-Anne-Muhr-Tailleux-portrait-16.jpg 625w, https:\/\/www.precidiab.org\/wp-content\/uploads\/2022\/08\/Prof.-Anne-Muhr-Tailleux-portrait-16-225x300.jpg 225w, https:\/\/www.precidiab.org\/wp-content\/uploads\/2022\/08\/Prof.-Anne-Muhr-Tailleux-portrait-16-300x400.jpg 300w\" sizes=\"(max-width: 625px) 100vw, 625px\" \/>\t\t\t\t\t\t\t\t<\/a>\n\t\t\t\t\t\t\t\t\t\t\t\t\t\t\t<\/div>\n\t\t\t\t<\/div>\n\t\t\t\t<div class=\"elementor-element elementor-element-e042eb3 elementor-widget elementor-widget-image\" data-id=\"e042eb3\" data-element_type=\"widget\" data-e-type=\"widget\" data-widget_type=\"image.default\">\n\t\t\t\t<div class=\"elementor-widget-container\">\n\t\t\t\t\t\t\t\t\t\t\t\t\t\t\t\t<a href=\"https:\/\/master-biologie-sante.univ-lille.fr\/\" target=\"_blank\">\n\t\t\t\t\t\t\t<img decoding=\"async\" width=\"300\" height=\"300\" src=\"https:\/\/www.precidiab.org\/wp-content\/uploads\/2022\/08\/GRADUATE-PROGRAMMES_logo_health-300x300-1.png\" class=\"elementor-animation-grow attachment-large size-large wp-image-15274\" alt=\"\" srcset=\"https:\/\/www.precidiab.org\/wp-content\/uploads\/2022\/08\/GRADUATE-PROGRAMMES_logo_health-300x300-1.png 300w, https:\/\/www.precidiab.org\/wp-content\/uploads\/2022\/08\/GRADUATE-PROGRAMMES_logo_health-300x300-1-150x150.png 150w\" sizes=\"(max-width: 300px) 100vw, 300px\" \/>\t\t\t\t\t\t\t\t<\/a>\n\t\t\t\t\t\t\t\t\t\t\t\t\t\t\t<\/div>\n\t\t\t\t<\/div>\n\t\t\t\t<div class=\"elementor-element elementor-element-34b3e4a elementor-absolute elementor-widget elementor-widget-heading\" data-id=\"34b3e4a\" data-element_type=\"widget\" data-e-type=\"widget\" data-settings=\"{&quot;_position&quot;:&quot;absolute&quot;}\" data-widget_type=\"heading.default\">\n\t\t\t\t<div class=\"elementor-widget-container\">\n\t\t\t\t\t<h2 class=\"elementor-heading-title elementor-size-small\"><a href=\"mailto:anne.tailleux@univ-lille.fr\">Contact : Prof. Anne Tailleux<\/a><\/h2>\t\t\t\t<\/div>\n\t\t\t\t<\/div>\n\t\t\t\t<div class=\"elementor-element elementor-element-53931d5 elementor-align-center elementor-icon-list--layout-traditional elementor-list-item-link-full_width elementor-widget elementor-widget-icon-list\" data-id=\"53931d5\" data-element_type=\"widget\" data-e-type=\"widget\" data-widget_type=\"icon-list.default\">\n\t\t\t\t<div class=\"elementor-widget-container\">\n\t\t\t\t\t\t\t<ul class=\"elementor-icon-list-items\">\n\t\t\t\t\t\t\t<li class=\"elementor-icon-list-item\">\n\t\t\t\t\t\t\t\t\t\t\t<a href=\"https:\/\/master-biologie-sante.univ-lille.fr\/\" target=\"_blank\">\n\n\t\t\t\t\t\t\t\t\t\t\t\t<span class=\"elementor-icon-list-icon\">\n\t\t\t\t\t\t\t<i aria-hidden=\"true\" class=\"fas fa-external-link-alt\"><\/i>\t\t\t\t\t\t<\/span>\n\t\t\t\t\t\t\t\t\t\t<span class=\"elementor-icon-list-text\">More informations<\/span>\n\t\t\t\t\t\t\t\t\t\t\t<\/a>\n\t\t\t\t\t\t\t\t\t<\/li>\n\t\t\t\t\t\t\t\t<li class=\"elementor-icon-list-item\">\n\t\t\t\t\t\t\t\t\t\t\t<a href=\"http:\/\/www.isite-ulne.fr\/wp-content\/uploads\/2020\/03\/200324-FlyerGPhealth-1.pdf\" target=\"_blank\">\n\n\t\t\t\t\t\t\t\t\t\t\t\t<span class=\"elementor-icon-list-icon\">\n\t\t\t\t\t\t\t<i aria-hidden=\"true\" class=\"far fa-file-alt\"><\/i>\t\t\t\t\t\t<\/span>\n\t\t\t\t\t\t\t\t\t\t<span class=\"elementor-icon-list-text\">See the presentation brochure<\/span>\n\t\t\t\t\t\t\t\t\t\t\t<\/a>\n\t\t\t\t\t\t\t\t\t<\/li>\n\t\t\t\t\t\t\t\t<li class=\"elementor-icon-list-item\">\n\t\t\t\t\t\t\t\t\t\t\t<a href=\"http:\/\/www.isite-ulne.fr\/wp-content\/uploads\/2021\/03\/GRADUATE-PROGRAM-PRECISION-HEALTH.pdf\" target=\"_blank\">\n\n\t\t\t\t\t\t\t\t\t\t\t\t<span class=\"elementor-icon-list-icon\">\n\t\t\t\t\t\t\t<i aria-hidden=\"true\" class=\"far fa-file-image\"><\/i>\t\t\t\t\t\t<\/span>\n\t\t\t\t\t\t\t\t\t\t<span class=\"elementor-icon-list-text\">See the presentation slide<\/span>\n\t\t\t\t\t\t\t\t\t\t\t<\/a>\n\t\t\t\t\t\t\t\t\t<\/li>\n\t\t\t\t\t\t<\/ul>\n\t\t\t\t\t\t<\/div>\n\t\t\t\t<\/div>\n\t\t\t\t\t<\/div>\n\t\t<\/div>\n\t\t\t\t<div class=\"elementor-column elementor-col-50 elementor-top-column elementor-element elementor-element-443e8df\" data-id=\"443e8df\" data-element_type=\"column\" data-e-type=\"column\">\n\t\t\t<div class=\"elementor-widget-wrap elementor-element-populated\">\n\t\t\t\t\t\t<div class=\"elementor-text-editor elementor-element elementor-element-92a12b4 elementor-widget elementor-widget-text-editor\" data-id=\"92a12b4\" data-element_type=\"widget\" data-e-type=\"widget\" data-widget_type=\"text-editor.default\">\n\t\t\t\t<div class=\"elementor-widget-container\">\n\t\t\t\t\t\t\t\t\t<p>The\u00a0<strong>Graduate Programme \u2018Precision Health\u2019<\/strong>\u00a0offers a unique training to excellence research to form students to the innovative concepts that will drive tomorrow\u2019s research and health management. It is open to talented Biologists, MD and PharmaD from national and international origin, to form the next generation research leaders for academia, industry and biotech.<\/p><p>The Graduate Programme includes a course in\u00a0<strong>Master Biology and Health (M2<\/strong>) and a\u00a0<strong>PhD programme<\/strong>, which is open to the whole scientific community including postdoctoral fellowships, engineers, teachers and researchers. It gathers innovative theorical courses on current cutting-edge technologies and approaches (<em>e.g.<\/em>\u00a0next generation sequencing, systems biology and integrated bio-informatics, artificial intelligence, mathematic modelling of biological systems, state-of-the-art therapies, and interdisciplinary modules (including cohort management, healthcare economics and ethics). Applications are taken from the leading themes in the health sector, which cover different types of chronic diseases (<strong>cancer, diabetes and cardiometabolic diseases, neurologic and neurogenerative diseases, infectious and immuno-inflammatory diseases<\/strong>), justifying a precise approach over the long term, from screening to the prevention of complications. Theorical courses are taught in english by local, national and European world-class experts in the field.<\/p><p>All the students will achieve a mandatory\u00a0<strong>international mobility<\/strong>\u00a0during their training in the partners of the Graduate Programme.<\/p><p>The Graduate Programme has partnered with socio-economic institutions and a particular focus is given towards the\u00a0<strong>bioentreprenarship<\/strong>\u00a0to prepare students for their future professional integration.<\/p><p><strong>PhD fellowships<\/strong>\u00a0are awarded to students who are motivated to pursue their research training.<\/p><p>The Graduate Programme is part of the\u00a0<strong>PreciDIAB<\/strong>\u00a0project, a collaborative venture between Lille world-class scientists, multidisciplinary clinicians, health industry and innovative start-ups, patients and professional diabetes associations, to develop innovative therapeutics and managements of patients.<\/p>\t\t\t\t\t\t\t\t<\/div>\n\t\t\t\t<\/div>\n\t\t\t\t\t<\/div>\n\t\t<\/div>\n\t\t\t\t\t<\/div>\n\t\t<\/section>\n\t\t\t\t<section class=\"elementor-section elementor-top-section elementor-element elementor-element-93dd13e elementor-section-full_width elementor-section-stretched elementor-section-height-default elementor-section-height-default\" data-id=\"93dd13e\" data-element_type=\"section\" data-e-type=\"section\" data-settings=\"{&quot;stretch_section&quot;:&quot;section-stretched&quot;,&quot;background_background&quot;:&quot;classic&quot;,&quot;shape_divider_top&quot;:&quot;opacity-tilt&quot;}\">\n\t\t\t\t\t<div class=\"elementor-shape elementor-shape-top\" aria-hidden=\"true\" data-negative=\"false\">\n\t\t\t<svg xmlns=\"http:\/\/www.w3.org\/2000\/svg\" viewBox=\"0 0 2600 131.1\" preserveAspectRatio=\"none\">\n\t<path class=\"elementor-shape-fill\" d=\"M0 0L2600 0 2600 69.1 0 0z\"\/>\n\t<path class=\"elementor-shape-fill\" style=\"opacity:0.5\" d=\"M0 0L2600 0 2600 69.1 0 69.1z\"\/>\n\t<path class=\"elementor-shape-fill\" style=\"opacity:0.25\" d=\"M2600 0L0 0 0 130.1 2600 69.1z\"\/>\n<\/svg>\t\t<\/div>\n\t\t\t\t\t<div class=\"elementor-container elementor-column-gap-default\">\n\t\t\t\t\t<div class=\"elementor-column elementor-col-100 elementor-top-column elementor-element elementor-element-31b2fb5\" data-id=\"31b2fb5\" data-element_type=\"column\" data-e-type=\"column\">\n\t\t\t<div class=\"elementor-widget-wrap elementor-element-populated\">\n\t\t\t\t\t\t<div class=\"elementor-element elementor-element-b149ee2 elementor-widget elementor-widget-heading\" data-id=\"b149ee2\" data-element_type=\"widget\" data-e-type=\"widget\" data-widget_type=\"heading.default\">\n\t\t\t\t<div class=\"elementor-widget-container\">\n\t\t\t\t\t<p class=\"elementor-heading-title elementor-size-large\">Discover...<\/p>\t\t\t\t<\/div>\n\t\t\t\t<\/div>\n\t\t\t\t<div class=\"elementor-element elementor-element-ac3afe5 elementor-align-left elementor-widget__width-auto elementor-widget elementor-widget-button\" data-id=\"ac3afe5\" data-element_type=\"widget\" data-e-type=\"widget\" data-widget_type=\"button.default\">\n\t\t\t\t<div class=\"elementor-widget-container\">\n\t\t\t\t\t\t\t\t\t<div class=\"elementor-button-wrapper\">\n\t\t\t\t\t<a class=\"elementor-button elementor-button-link elementor-size-lg elementor-animation-grow\" href=\"https:\/\/www.precidiab.org\/en\/about\/our-missions\/\">\n\t\t\t\t\t\t<span class=\"elementor-button-content-wrapper\">\n\t\t\t\t\t\t\t\t\t<span class=\"elementor-button-text\">Our missions<\/span>\n\t\t\t\t\t<\/span>\n\t\t\t\t\t<\/a>\n\t\t\t\t<\/div>\n\t\t\t\t\t\t\t\t<\/div>\n\t\t\t\t<\/div>\n\t\t\t\t<div class=\"elementor-element elementor-element-4ce286a elementor-align-left elementor-widget__width-auto elementor-widget elementor-widget-button\" data-id=\"4ce286a\" data-element_type=\"widget\" data-e-type=\"widget\" data-widget_type=\"button.default\">\n\t\t\t\t<div class=\"elementor-widget-container\">\n\t\t\t\t\t\t\t\t\t<div class=\"elementor-button-wrapper\">\n\t\t\t\t\t<a class=\"elementor-button elementor-button-link elementor-size-lg elementor-animation-grow\" href=\"https:\/\/www.precidiab.org\/en\/formations\/iud-clinical-research\/\">\n\t\t\t\t\t\t<span class=\"elementor-button-content-wrapper\">\n\t\t\t\t\t\t\t\t\t<span class=\"elementor-button-text\">The IUD clinical research<\/span>\n\t\t\t\t\t<\/span>\n\t\t\t\t\t<\/a>\n\t\t\t\t<\/div>\n\t\t\t\t\t\t\t\t<\/div>\n\t\t\t\t<\/div>\n\t\t\t\t\t<\/div>\n\t\t<\/div>\n\t\t\t\t\t<\/div>\n\t\t<\/section>\n\t\t\t\t<\/div>\n\t\t","protected":false},"excerpt":{"rendered":"<p>Contact : Prof. Anne Tailleux More informations See the presentation brochure See the presentation slide The\u00a0Graduate Programme \u2018Precision Health\u2019\u00a0offers a unique training to excellence research to form students to the innovative concepts that will drive tomorrow\u2019s research and health management. It is open to talented Biologists, MD and PharmaD from national and international origin, to [&hellip;]<\/p>\n","protected":false},"author":2,"featured_media":15272,"parent":15735,"menu_order":0,"comment_status":"closed","ping_status":"closed","template":"","meta":{"_acf_changed":false,"_monsterinsights_skip_tracking":false,"_monsterinsights_sitenote_active":false,"_monsterinsights_sitenote_note":"","_monsterinsights_sitenote_category":0,"site-sidebar-layout":"no-sidebar","site-content-layout":"page-builder","ast-site-content-layout":"default","site-content-style":"default","site-sidebar-style":"default","ast-global-header-display":"","ast-banner-title-visibility":"","ast-main-header-display":"","ast-hfb-above-header-display":"","ast-hfb-below-header-display":"","ast-hfb-mobile-header-display":"","site-post-title":"disabled","ast-breadcrumbs-content":"","ast-featured-img":"disabled","footer-sml-layout":"","ast-disable-related-posts":"","theme-transparent-header-meta":"default","adv-header-id-meta":"","stick-header-meta":"","header-above-stick-meta":"","header-main-stick-meta":"","header-below-stick-meta":"","astra-migrate-meta-layouts":"default","ast-page-background-enabled":"default","ast-page-background-meta":{"desktop":{"background-color":"var(--ast-global-color-4)","background-image":"","background-repeat":"repeat","background-position":"center center","background-size":"auto","background-attachment":"scroll","background-type":"","background-media":"","overlay-type":"","overlay-color":"","overlay-opacity":"","overlay-gradient":""},"tablet":{"background-color":"","background-image":"","background-repeat":"repeat","background-position":"center center","background-size":"auto","background-attachment":"scroll","background-type":"","background-media":"","overlay-type":"","overlay-color":"","overlay-opacity":"","overlay-gradient":""},"mobile":{"background-color":"","background-image":"","background-repeat":"repeat","background-position":"center center","background-size":"auto","background-attachment":"scroll","background-type":"","background-media":"","overlay-type":"","overlay-color":"","overlay-opacity":"","overlay-gradient":""}},"ast-content-background-meta":{"desktop":{"background-color":"var(--ast-global-color-5)","background-image":"","background-repeat":"repeat","background-position":"center center","background-size":"auto","background-attachment":"scroll","background-type":"","background-media":"","overlay-type":"","overlay-color":"","overlay-opacity":"","overlay-gradient":""},"tablet":{"background-color":"var(--ast-global-color-5)","background-image":"","background-repeat":"repeat","background-position":"center center","background-size":"auto","background-attachment":"scroll","background-type":"","background-media":"","overlay-type":"","overlay-color":"","overlay-opacity":"","overlay-gradient":""},"mobile":{"background-color":"var(--ast-global-color-5)","background-image":"","background-repeat":"repeat","background-position":"center center","background-size":"auto","background-attachment":"scroll","background-type":"","background-media":"","overlay-type":"","overlay-color":"","overlay-opacity":"","overlay-gradient":""}},"footnotes":""},"class_list":["post-15744","page","type-page","status-publish","has-post-thumbnail","hentry"],"acf":[],"yoast_head":"<!-- This site is optimized with the Yoast SEO plugin v27.5 - https:\/\/yoast.com\/product\/yoast-seo-wordpress\/ -->\n<title>Graduate programme &quot;Precision health&quot; | Precidiab<\/title>\n<meta name=\"robots\" content=\"index, follow, max-snippet:-1, max-image-preview:large, max-video-preview:-1\" \/>\n<link rel=\"canonical\" href=\"https:\/\/www.precidiab.org\/en\/formations\/graduate-programme-precision-health\/\" \/>\n<meta property=\"og:locale\" content=\"en_US\" \/>\n<meta property=\"og:type\" content=\"article\" \/>\n<meta property=\"og:title\" content=\"Graduate programme &quot;Precision health&quot; | Precidiab\" \/>\n<meta property=\"og:description\" content=\"Contact : Prof. Anne Tailleux More informations See the presentation brochure See the presentation slide The\u00a0Graduate Programme \u2018Precision Health\u2019\u00a0offers a unique training to excellence research to form students to the innovative concepts that will drive tomorrow\u2019s research and health management. It is open to talented Biologists, MD and PharmaD from national and international origin, to [&hellip;]\" \/>\n<meta property=\"og:url\" content=\"https:\/\/www.precidiab.org\/en\/formations\/graduate-programme-precision-health\/\" \/>\n<meta property=\"og:site_name\" content=\"Precidiab\" \/>\n<meta property=\"article:modified_time\" content=\"2022-08-19T08:22:20+00:00\" \/>\n<meta property=\"og:image\" content=\"https:\/\/www.precidiab.org\/wp-content\/uploads\/2022\/08\/bg-formation.jpg\" \/>\n\t<meta property=\"og:image:width\" content=\"1980\" \/>\n\t<meta property=\"og:image:height\" content=\"562\" \/>\n\t<meta property=\"og:image:type\" content=\"image\/jpeg\" \/>\n<meta name=\"twitter:card\" content=\"summary_large_image\" \/>\n<meta name=\"twitter:label1\" content=\"Est. reading time\" \/>\n\t<meta name=\"twitter:data1\" content=\"2 minutes\" \/>\n<script type=\"application\/ld+json\" class=\"yoast-schema-graph\">{\"@context\":\"https:\\\/\\\/schema.org\",\"@graph\":[{\"@type\":\"WebPage\",\"@id\":\"https:\\\/\\\/www.precidiab.org\\\/en\\\/formations\\\/graduate-programme-precision-health\\\/\",\"url\":\"https:\\\/\\\/www.precidiab.org\\\/en\\\/formations\\\/graduate-programme-precision-health\\\/\",\"name\":\"Graduate programme \\\"Precision health\\\" | Precidiab\",\"isPartOf\":{\"@id\":\"https:\\\/\\\/www.precidiab.org\\\/en\\\/#website\"},\"primaryImageOfPage\":{\"@id\":\"https:\\\/\\\/www.precidiab.org\\\/en\\\/formations\\\/graduate-programme-precision-health\\\/#primaryimage\"},\"image\":{\"@id\":\"https:\\\/\\\/www.precidiab.org\\\/en\\\/formations\\\/graduate-programme-precision-health\\\/#primaryimage\"},\"thumbnailUrl\":\"https:\\\/\\\/www.precidiab.org\\\/wp-content\\\/uploads\\\/2022\\\/08\\\/bg-formation.jpg\",\"datePublished\":\"2022-08-01T17:46:02+00:00\",\"dateModified\":\"2022-08-19T08:22:20+00:00\",\"breadcrumb\":{\"@id\":\"https:\\\/\\\/www.precidiab.org\\\/en\\\/formations\\\/graduate-programme-precision-health\\\/#breadcrumb\"},\"inLanguage\":\"en-US\",\"potentialAction\":[{\"@type\":\"ReadAction\",\"target\":[\"https:\\\/\\\/www.precidiab.org\\\/en\\\/formations\\\/graduate-programme-precision-health\\\/\"]}]},{\"@type\":\"ImageObject\",\"inLanguage\":\"en-US\",\"@id\":\"https:\\\/\\\/www.precidiab.org\\\/en\\\/formations\\\/graduate-programme-precision-health\\\/#primaryimage\",\"url\":\"https:\\\/\\\/www.precidiab.org\\\/wp-content\\\/uploads\\\/2022\\\/08\\\/bg-formation.jpg\",\"contentUrl\":\"https:\\\/\\\/www.precidiab.org\\\/wp-content\\\/uploads\\\/2022\\\/08\\\/bg-formation.jpg\",\"width\":1980,\"height\":562},{\"@type\":\"BreadcrumbList\",\"@id\":\"https:\\\/\\\/www.precidiab.org\\\/en\\\/formations\\\/graduate-programme-precision-health\\\/#breadcrumb\",\"itemListElement\":[{\"@type\":\"ListItem\",\"position\":1,\"name\":\"Home\",\"item\":\"https:\\\/\\\/www.precidiab.org\\\/en\\\/\"},{\"@type\":\"ListItem\",\"position\":2,\"name\":\"Formations\",\"item\":\"https:\\\/\\\/www.precidiab.org\\\/en\\\/formations\\\/\"},{\"@type\":\"ListItem\",\"position\":3,\"name\":\"Graduate programme &#8220;Precision health&#8221;\"}]},{\"@type\":\"WebSite\",\"@id\":\"https:\\\/\\\/www.precidiab.org\\\/en\\\/#website\",\"url\":\"https:\\\/\\\/www.precidiab.org\\\/en\\\/\",\"name\":\"Precidiab\",\"description\":\"Centre National de M\u00e9decine de Pr\u00e9cision des Diab\u00e8tes\",\"publisher\":{\"@id\":\"https:\\\/\\\/www.precidiab.org\\\/en\\\/#organization\"},\"potentialAction\":[{\"@type\":\"SearchAction\",\"target\":{\"@type\":\"EntryPoint\",\"urlTemplate\":\"https:\\\/\\\/www.precidiab.org\\\/en\\\/?s={search_term_string}\"},\"query-input\":{\"@type\":\"PropertyValueSpecification\",\"valueRequired\":true,\"valueName\":\"search_term_string\"}}],\"inLanguage\":\"en-US\"},{\"@type\":\"Organization\",\"@id\":\"https:\\\/\\\/www.precidiab.org\\\/en\\\/#organization\",\"name\":\"Precidiab\",\"url\":\"https:\\\/\\\/www.precidiab.org\\\/en\\\/\",\"logo\":{\"@type\":\"ImageObject\",\"inLanguage\":\"en-US\",\"@id\":\"https:\\\/\\\/www.precidiab.org\\\/en\\\/#\\\/schema\\\/logo\\\/image\\\/\",\"url\":\"https:\\\/\\\/www.precidiab.org\\\/wp-content\\\/uploads\\\/2022\\\/07\\\/Logo-PRECIDIAB.png\",\"contentUrl\":\"https:\\\/\\\/www.precidiab.org\\\/wp-content\\\/uploads\\\/2022\\\/07\\\/Logo-PRECIDIAB.png\",\"width\":600,\"height\":257,\"caption\":\"Precidiab\"},\"image\":{\"@id\":\"https:\\\/\\\/www.precidiab.org\\\/en\\\/#\\\/schema\\\/logo\\\/image\\\/\"}}]}<\/script>\n<!-- \/ Yoast SEO plugin. -->","yoast_head_json":{"title":"Graduate programme \"Precision health\" | Precidiab","robots":{"index":"index","follow":"follow","max-snippet":"max-snippet:-1","max-image-preview":"max-image-preview:large","max-video-preview":"max-video-preview:-1"},"canonical":"https:\/\/www.precidiab.org\/en\/formations\/graduate-programme-precision-health\/","og_locale":"en_US","og_type":"article","og_title":"Graduate programme \"Precision health\" | Precidiab","og_description":"Contact : Prof. Anne Tailleux More informations See the presentation brochure See the presentation slide The\u00a0Graduate Programme \u2018Precision Health\u2019\u00a0offers a unique training to excellence research to form students to the innovative concepts that will drive tomorrow\u2019s research and health management. It is open to talented Biologists, MD and PharmaD from national and international origin, to [&hellip;]","og_url":"https:\/\/www.precidiab.org\/en\/formations\/graduate-programme-precision-health\/","og_site_name":"Precidiab","article_modified_time":"2022-08-19T08:22:20+00:00","og_image":[{"width":1980,"height":562,"url":"https:\/\/www.precidiab.org\/wp-content\/uploads\/2022\/08\/bg-formation.jpg","type":"image\/jpeg"}],"twitter_card":"summary_large_image","twitter_misc":{"Est. reading time":"2 minutes"},"schema":{"@context":"https:\/\/schema.org","@graph":[{"@type":"WebPage","@id":"https:\/\/www.precidiab.org\/en\/formations\/graduate-programme-precision-health\/","url":"https:\/\/www.precidiab.org\/en\/formations\/graduate-programme-precision-health\/","name":"Graduate programme \"Precision health\" | Precidiab","isPartOf":{"@id":"https:\/\/www.precidiab.org\/en\/#website"},"primaryImageOfPage":{"@id":"https:\/\/www.precidiab.org\/en\/formations\/graduate-programme-precision-health\/#primaryimage"},"image":{"@id":"https:\/\/www.precidiab.org\/en\/formations\/graduate-programme-precision-health\/#primaryimage"},"thumbnailUrl":"https:\/\/www.precidiab.org\/wp-content\/uploads\/2022\/08\/bg-formation.jpg","datePublished":"2022-08-01T17:46:02+00:00","dateModified":"2022-08-19T08:22:20+00:00","breadcrumb":{"@id":"https:\/\/www.precidiab.org\/en\/formations\/graduate-programme-precision-health\/#breadcrumb"},"inLanguage":"en-US","potentialAction":[{"@type":"ReadAction","target":["https:\/\/www.precidiab.org\/en\/formations\/graduate-programme-precision-health\/"]}]},{"@type":"ImageObject","inLanguage":"en-US","@id":"https:\/\/www.precidiab.org\/en\/formations\/graduate-programme-precision-health\/#primaryimage","url":"https:\/\/www.precidiab.org\/wp-content\/uploads\/2022\/08\/bg-formation.jpg","contentUrl":"https:\/\/www.precidiab.org\/wp-content\/uploads\/2022\/08\/bg-formation.jpg","width":1980,"height":562},{"@type":"BreadcrumbList","@id":"https:\/\/www.precidiab.org\/en\/formations\/graduate-programme-precision-health\/#breadcrumb","itemListElement":[{"@type":"ListItem","position":1,"name":"Home","item":"https:\/\/www.precidiab.org\/en\/"},{"@type":"ListItem","position":2,"name":"Formations","item":"https:\/\/www.precidiab.org\/en\/formations\/"},{"@type":"ListItem","position":3,"name":"Graduate programme &#8220;Precision health&#8221;"}]},{"@type":"WebSite","@id":"https:\/\/www.precidiab.org\/en\/#website","url":"https:\/\/www.precidiab.org\/en\/","name":"Precidiab","description":"Centre National de M\u00e9decine de Pr\u00e9cision des Diab\u00e8tes","publisher":{"@id":"https:\/\/www.precidiab.org\/en\/#organization"},"potentialAction":[{"@type":"SearchAction","target":{"@type":"EntryPoint","urlTemplate":"https:\/\/www.precidiab.org\/en\/?s={search_term_string}"},"query-input":{"@type":"PropertyValueSpecification","valueRequired":true,"valueName":"search_term_string"}}],"inLanguage":"en-US"},{"@type":"Organization","@id":"https:\/\/www.precidiab.org\/en\/#organization","name":"Precidiab","url":"https:\/\/www.precidiab.org\/en\/","logo":{"@type":"ImageObject","inLanguage":"en-US","@id":"https:\/\/www.precidiab.org\/en\/#\/schema\/logo\/image\/","url":"https:\/\/www.precidiab.org\/wp-content\/uploads\/2022\/07\/Logo-PRECIDIAB.png","contentUrl":"https:\/\/www.precidiab.org\/wp-content\/uploads\/2022\/07\/Logo-PRECIDIAB.png","width":600,"height":257,"caption":"Precidiab"},"image":{"@id":"https:\/\/www.precidiab.org\/en\/#\/schema\/logo\/image\/"}}]}},"_links":{"self":[{"href":"https:\/\/www.precidiab.org\/en\/wp-json\/wp\/v2\/pages\/15744","targetHints":{"allow":["GET"]}}],"collection":[{"href":"https:\/\/www.precidiab.org\/en\/wp-json\/wp\/v2\/pages"}],"about":[{"href":"https:\/\/www.precidiab.org\/en\/wp-json\/wp\/v2\/types\/page"}],"author":[{"embeddable":true,"href":"https:\/\/www.precidiab.org\/en\/wp-json\/wp\/v2\/users\/2"}],"replies":[{"embeddable":true,"href":"https:\/\/www.precidiab.org\/en\/wp-json\/wp\/v2\/comments?post=15744"}],"version-history":[{"count":0,"href":"https:\/\/www.precidiab.org\/en\/wp-json\/wp\/v2\/pages\/15744\/revisions"}],"up":[{"embeddable":true,"href":"https:\/\/www.precidiab.org\/en\/wp-json\/wp\/v2\/pages\/15735"}],"wp:featuredmedia":[{"embeddable":true,"href":"https:\/\/www.precidiab.org\/en\/wp-json\/wp\/v2\/media\/15272"}],"wp:attachment":[{"href":"https:\/\/www.precidiab.org\/en\/wp-json\/wp\/v2\/media?parent=15744"}],"curies":[{"name":"wp","href":"https:\/\/api.w.org\/{rel}","templated":true}]}}